{"id":56,"date":"2025-03-17T12:05:09","date_gmt":"2025-03-17T12:05:09","guid":{"rendered":"https:\/\/superone.com.do\/?page_id=56"},"modified":"2025-11-04T15:37:26","modified_gmt":"2025-11-04T15:37:26","slug":"56-2","status":"publish","type":"page","link":"https:\/\/superone.com.do\/","title":{"rendered":"Inicio"},"content":{"rendered":"\n<div class=\"wp-block-uagb-container uagb-block-00ea0599 alignfull uagb-is-root-container\"><div class=\"uagb-container-inner-blocks-wrap\">\n<div class=\"wp-block-uagb-container uagb-block-caf41c3c\"><\/div>\n\n\n\n<div class=\"wp-block-uagb-container uagb-block-ae7b00fc\">\n<h2 class=\"wp-block-heading has-text-align-center\">Dev Software<\/h2>\n\n\n\n<p class=\"has-medium-font-size\">Somos una empresa especializada en el desarrollo de software, aplicando las tecnolog\u00edas que mejor se adaptan al negocio de nuestros clientes.<\/p>\n<\/div>\n\n\n\n<div class=\"wp-block-uagb-container uagb-block-d49f71ce\"><\/div>\n\n\n\n<div class=\"wp-block-uagb-container uagb-block-271fa1e1\"><\/div>\n\n\n\n<div class=\"wp-block-uagb-container uagb-block-05a3a7bf\"><\/div>\n\n\n\n<div class=\"wp-block-uagb-container uagb-block-29657c02\"><\/div>\n<\/div><\/div>\n\n\n\n<div class=\"wp-block-uagb-container uagb-block-36ea9d30 alignfull uagb-is-root-container\"><div class=\"uagb-container-inner-blocks-wrap\">\n<div class=\"wp-block-uagb-container uagb-block-cb580c8e\">\n<div class=\"wp-block-uagb-container uagb-block-44005607\">\n<figure class=\"wp-block-image size-full is-style-default\"><a href=\"https:\/\/superfirma.com.do\/\"><img loading=\"lazy\" decoding=\"async\" width=\"1024\" height=\"314\" src=\"https:\/\/superone.com.do\/wp-content\/uploads\/2025\/03\/Logo-SuperFirma-2023.webp\" alt=\"\" class=\"wp-image-68\" srcset=\"https:\/\/superone.com.do\/wp-content\/uploads\/2025\/03\/Logo-SuperFirma-2023.webp 1024w, https:\/\/superone.com.do\/wp-content\/uploads\/2025\/03\/Logo-SuperFirma-2023-300x92.webp 300w, https:\/\/superone.com.do\/wp-content\/uploads\/2025\/03\/Logo-SuperFirma-2023-768x236.webp 768w\" sizes=\"auto, (max-width: 1024px) 100vw, 1024px\" \/><\/a><\/figure>\n<\/div>\n\n\n\n<div class=\"wp-block-uagb-container uagb-block-d25f2e39\">\n<p><strong>Firma tus documentos electr\u00f3nicamente con validez jur\u00eddica.<\/strong><\/p>\n\n\n\n<p><strong>SuperFirma<\/strong> te brinda m\u00e1s facilidad y comodidad a la hora de firmar un contrato, convenio de servicio o cualquier otro tipo de documento.<\/p>\n<\/div>\n<\/div>\n\n\n\n<div class=\"wp-block-uagb-container uagb-block-db948412\">\n<div class=\"wp-block-uagb-container uagb-block-29e053b7\">\n<figure class=\"wp-block-image size-full\"><a href=\"https:\/\/web.onelink.com.do\/\"><img loading=\"lazy\" decoding=\"async\" width=\"772\" height=\"274\" src=\"https:\/\/superone.com.do\/wp-content\/uploads\/2025\/03\/Onelink.png\" alt=\"\" class=\"wp-image-69\" srcset=\"https:\/\/superone.com.do\/wp-content\/uploads\/2025\/03\/Onelink.png 772w, https:\/\/superone.com.do\/wp-content\/uploads\/2025\/03\/Onelink-300x106.png 300w, https:\/\/superone.com.do\/wp-content\/uploads\/2025\/03\/Onelink-768x273.png 768w\" sizes=\"auto, (max-width: 772px) 100vw, 772px\" \/><\/a><\/figure>\n<\/div>\n\n\n\n<div class=\"wp-block-uagb-container uagb-block-dd98116d\">\n<p><strong><strong>Tarjetas de presentaci\u00f3n inteligentes con tecnolog\u00eda NFC y c\u00f3digos QR.<\/strong><\/strong><\/p>\n\n\n\n<p>&nbsp;Con nuestras tarjetas de presentaci\u00f3n, puedes estar seguro de que est\u00e1s haciendo tu parte para ayudar al medio ambiente y, al mismo tiempo, ahorrar dinero a largo plazo.<\/p>\n<\/div>\n<\/div>\n\n\n\n<div class=\"wp-block-uagb-container uagb-block-7bc180bf\">\n<div class=\"wp-block-uagb-container uagb-block-b723095a\">\n<figure class=\"wp-block-image size-full\"><a href=\"https:\/\/onechat.com.do\/\"><img loading=\"lazy\" decoding=\"async\" width=\"1024\" height=\"272\" src=\"https:\/\/superone.com.do\/wp-content\/uploads\/2025\/03\/Onechat.png\" alt=\"\" class=\"wp-image-70\" srcset=\"https:\/\/superone.com.do\/wp-content\/uploads\/2025\/03\/Onechat.png 1024w, https:\/\/superone.com.do\/wp-content\/uploads\/2025\/03\/Onechat-300x80.png 300w, https:\/\/superone.com.do\/wp-content\/uploads\/2025\/03\/Onechat-768x204.png 768w\" sizes=\"auto, (max-width: 1024px) 100vw, 1024px\" \/><\/a><\/figure>\n<\/div>\n\n\n\n<div class=\"wp-block-uagb-container uagb-block-0aebcd6b\">\n<p><strong><strong>Sincroniza todos tus&nbsp;n\u00fameros&nbsp;de WhatsApp en un s\u00f3lo lugar.<\/strong><\/strong><\/p>\n\n\n\n<p>Atiende a tus clientes en WhatsApp e incrementa la productividad de tu equipo con una \u00fanica soluci\u00f3n que te permitir\u00e1 mejorar la comunicaci\u00f3n a todos los niveles.<\/p>\n<\/div>\n<\/div>\n\n\n\n<div class=\"wp-block-uagb-container uagb-block-f722cc25\">\n<div class=\"wp-block-uagb-container uagb-block-4015c17f\">\n<div class=\"wp-block-uagb-image uagb-block-c78490ae wp-block-uagb-image--layout-default wp-block-uagb-image--effect-static wp-block-uagb-image--align-none\"><figure class=\"wp-block-uagb-image__figure\"><a class=\"\" href=\"https:\/\/cloud.prodoctivity.com\/info\" target=\"\" rel=\"noopener\"><img decoding=\"async\" srcset=\"https:\/\/superone.com.do\/wp-content\/uploads\/2025\/03\/Prodoctivity-1024x139.png ,https:\/\/superone.com.do\/wp-content\/uploads\/2025\/03\/Prodoctivity.png 780w, https:\/\/superone.com.do\/wp-content\/uploads\/2025\/03\/Prodoctivity.png 360w\" sizes=\"auto, (max-width: 480px) 150px\" src=\"https:\/\/superone.com.do\/wp-content\/uploads\/2025\/03\/Prodoctivity-1024x139.png\" alt=\"\" class=\"uag-image-85\" width=\"224\" height=\"30\" title=\"Prodoctivity\" loading=\"lazy\" role=\"img\"\/><\/a><\/figure><\/div>\n<\/div>\n\n\n\n<div class=\"wp-block-uagb-container uagb-block-5140ad7e\">\n<p><strong>Optimice la creaci\u00f3n y gesti\u00f3n de documentos<\/strong>.<\/p>\n\n\n\n<p>Nuestra soluci\u00f3n puede ayudarle a alcanzar sus objetivos estrat\u00e9gicos, llevando su empresa al m\u00e1s alto nivel.<\/p>\n\n\n\n<div style=\"height:55px\" aria-hidden=\"true\" class=\"wp-block-spacer\"><\/div>\n<\/div>\n<\/div>\n\n\n\n<div class=\"wp-block-uagb-container uagb-block-bc931610\">\n<div class=\"wp-block-uagb-container uagb-block-c9f0a8c2\">\n<figure class=\"wp-block-image size-full\"><a href=\"https:\/\/prestamas.com.do\/\"><img loading=\"lazy\" decoding=\"async\" width=\"1024\" height=\"238\" src=\"https:\/\/superone.com.do\/wp-content\/uploads\/2025\/03\/prestamas-logo-.png\" alt=\"\" class=\"wp-image-71\" srcset=\"https:\/\/superone.com.do\/wp-content\/uploads\/2025\/03\/prestamas-logo-.png 1024w, https:\/\/superone.com.do\/wp-content\/uploads\/2025\/03\/prestamas-logo--300x70.png 300w, https:\/\/superone.com.do\/wp-content\/uploads\/2025\/03\/prestamas-logo--768x179.png 768w\" sizes=\"auto, (max-width: 1024px) 100vw, 1024px\" \/><\/a><\/figure>\n<\/div>\n\n\n\n<div class=\"wp-block-uagb-container uagb-block-9bf72f60\">\n<p><strong>Solicita un&nbsp;pr\u00e9stamo&nbsp;y p\u00e1galo en&nbsp;c\u00f3modas&nbsp;cuotas.<\/strong><\/p>\n\n\n\n<p>Al invertir en&nbsp;<strong>Pr\u00e9staM\u00e1s<\/strong>&nbsp;obtienes mejores beneficios y tasas favorables.<\/p>\n\n\n\n<div style=\"height:55px\" aria-hidden=\"true\" class=\"wp-block-spacer\"><\/div>\n<\/div>\n<\/div>\n<\/div><\/div>\n\n\n\n<p><\/p>\n","protected":false},"excerpt":{"rendered":"<p>Dev Software Somos una empresa especializada en el desarrollo de software, aplicando las tecnolog\u00edas que mejor se adaptan al negocio [&hellip;]<\/p>\n","protected":false},"author":1,"featured_media":0,"parent":0,"menu_order":0,"comment_status":"closed","ping_status":"closed","template":"","meta":{"_uag_custom_page_level_css":"","site-sidebar-layout":"default","site-content-layout":"","ast-site-content-layout":"","site-content-style":"default","site-sidebar-style":"default","ast-global-header-display":"","ast-banner-title-visibility":"","ast-main-header-display":"","ast-hfb-above-header-display":"","ast-hfb-below-header-display":"","ast-hfb-mobile-header-display":"","site-post-title":"disabled","ast-breadcrumbs-content":"","ast-featured-img":"","footer-sml-layout":"","theme-transparent-header-meta":"","adv-header-id-meta":"","stick-header-meta":"","header-above-stick-meta":"","header-main-stick-meta":"","header-below-stick-meta":"","astra-migrate-meta-layouts":"default","ast-page-background-enabled":"default","ast-page-background-meta":{"desktop":{"background-color":"var(--ast-global-color-5)","background-image":"","background-repeat":"repeat","background-position":"center center","background-size":"auto","background-attachment":"scroll","background-type":"","background-media":"","overlay-type":"","overlay-color":"","overlay-opacity":"","overlay-gradient":""},"tablet":{"background-color":"","background-image":"","background-repeat":"repeat","background-position":"center center","background-size":"auto","background-attachment":"scroll","background-type":"","background-media":"","overlay-type":"","overlay-color":"","overlay-opacity":"","overlay-gradient":""},"mobile":{"background-color":"","background-image":"","background-repeat":"repeat","background-position":"center center","background-size":"auto","background-attachment":"scroll","background-type":"","background-media":"","overlay-type":"","overlay-color":"","overlay-opacity":"","overlay-gradient":""}},"ast-content-background-meta":{"desktop":{"background-color":"var(--ast-global-color-4)","background-image":"","background-repeat":"repeat","background-position":"center center","background-size":"auto","background-attachment":"scroll","background-type":"","background-media":"","overlay-type":"","overlay-color":"","overlay-opacity":"","overlay-gradient":""},"tablet":{"background-color":"var(--ast-global-color-4)","background-image":"","background-repeat":"repeat","background-position":"center center","background-size":"auto","background-attachment":"scroll","background-type":"","background-media":"","overlay-type":"","overlay-color":"","overlay-opacity":"","overlay-gradient":""},"mobile":{"background-color":"var(--ast-global-color-4)","background-image":"","background-repeat":"repeat","background-position":"center center","background-size":"auto","background-attachment":"scroll","background-type":"","background-media":"","overlay-type":"","overlay-color":"","overlay-opacity":"","overlay-gradient":""}},"footnotes":""},"class_list":["post-56","page","type-page","status-publish","hentry"],"uagb_featured_image_src":{"full":false,"thumbnail":false,"medium":false,"medium_large":false,"large":false,"1536x1536":false,"2048x2048":false},"uagb_author_info":{"display_name":"hoogluiter","author_link":"https:\/\/superone.com.do\/?author=1"},"uagb_comment_info":0,"uagb_excerpt":"Dev Software Somos una empresa especializada en el desarrollo de software, aplicando las tecnolog\u00edas que mejor se adaptan al negocio [&hellip;]","_links":{"self":[{"href":"https:\/\/superone.com.do\/index.php?rest_route=\/wp\/v2\/pages\/56","targetHints":{"allow":["GET"]}}],"collection":[{"href":"https:\/\/superone.com.do\/index.php?rest_route=\/wp\/v2\/pages"}],"about":[{"href":"https:\/\/superone.com.do\/index.php?rest_route=\/wp\/v2\/types\/page"}],"author":[{"embeddable":true,"href":"https:\/\/superone.com.do\/index.php?rest_route=\/wp\/v2\/users\/1"}],"replies":[{"embeddable":true,"href":"https:\/\/superone.com.do\/index.php?rest_route=%2Fwp%2Fv2%2Fcomments&post=56"}],"version-history":[{"count":18,"href":"https:\/\/superone.com.do\/index.php?rest_route=\/wp\/v2\/pages\/56\/revisions"}],"predecessor-version":[{"id":94,"href":"https:\/\/superone.com.do\/index.php?rest_route=\/wp\/v2\/pages\/56\/revisions\/94"}],"wp:attachment":[{"href":"https:\/\/superone.com.do\/index.php?rest_route=%2Fwp%2Fv2%2Fmedia&parent=56"}],"curies":[{"name":"wp","href":"https:\/\/api.w.org\/{rel}","templated":true}]}}